{"id":10,"date":"2023-01-21T11:26:37","date_gmt":"2023-01-21T16:26:37","guid":{"rendered":"https:\/\/pruebasysimulacros.com\/www\/?page_id=10"},"modified":"2023-02-07T00:59:41","modified_gmt":"2023-02-07T05:59:41","slug":"orientacion-profesional","status":"publish","type":"page","link":"https:\/\/pruebasysimulacros.com\/www\/servicios\/orientacion-profesional\/","title":{"rendered":"Orientacion profesional"},"content":{"rendered":"\n<div class=\"wp-block-cover alignfull\" style=\"min-height:600px;aspect-ratio:unset;\"><span aria-hidden=\"true\" class=\"wp-block-cover__background has-nv-light-bg-background-color has-background-dim-100 has-background-dim\"><\/span><div class=\"wp-block-cover__inner-container is-layout-flow wp-block-cover-is-layout-flow\">\n<div class=\"wp-block-group\"><div class=\"wp-block-group__inner-container is-layout-flow wp-block-group-is-layout-flow\">\n<div class=\"wp-block-columns is-layout-flex wp-container-core-columns-is-layout-9d6595d7 wp-block-columns-is-layout-flex\">\n<div class=\"wp-block-column is-layout-flow wp-block-column-is-layout-flow\" style=\"flex-basis:66.79%\"><div class=\"wp-block-image\">\n<figure class=\"aligncenter is-resized\"><img loading=\"lazy\" decoding=\"async\" src=\"https:\/\/pruebasysimulacros.com\/www\/wp-content\/themes\/neve\/assets\/img\/starter-content\/card-05.jpg\" alt=\"\" width=\"532\" height=\"532\"\/><\/figure>\n<\/div><\/div>\n\n\n\n<div class=\"wp-block-column is-layout-flow wp-block-column-is-layout-flow\" style=\"flex-basis:34%\">\n<p class=\"has-text-align-center has-neve-text-color-color has-text-color has-medium-font-size\"><strong>ORIENTACI\u00d3N, PROYECCI\u00d3N<br>PROFESIONAL Y VOCACIONAL<\/strong><\/p>\n\n\n\n<hr class=\"wp-block-separator has-css-opacity is-style-wide\"\/>\n\n\n\n<p class=\"has-neve-text-color-color has-text-color\">Tristemente en Colombia cada vez es m\u00e1s lejano el pensar en alcanzar el inicio y terminaci\u00f3n de un proyecto de vida basado en la educaci\u00f3n superior. La situaci\u00f3n socio-econ\u00f3mica y la falta de argumentos para elegir un camino cada vez hacen que se pueda lograr. Nosotros estamos en condiciones de guiar y orientar a cada uno de ellos para que, en lo posible elija la mejor opci\u00f3n para un futuro diferente.<\/p>\n<\/div>\n<\/div>\n<\/div><\/div>\n<\/div><\/div>\n","protected":false},"excerpt":{"rendered":"","protected":false},"author":1,"featured_media":0,"parent":9,"menu_order":0,"comment_status":"closed","ping_status":"closed","template":"","meta":{"neve_meta_sidebar":"","neve_meta_container":"","neve_meta_enable_content_width":"on","neve_meta_content_width":100,"neve_meta_title_alignment":"","neve_meta_author_avatar":"","neve_post_elements_order":"","neve_meta_disable_header":"","neve_meta_disable_footer":"","neve_meta_disable_title":"on","footnotes":""},"class_list":["post-10","page","type-page","status-publish","hentry"],"_links":{"self":[{"href":"https:\/\/pruebasysimulacros.com\/www\/wp-json\/wp\/v2\/pages\/10","targetHints":{"allow":["GET"]}}],"collection":[{"href":"https:\/\/pruebasysimulacros.com\/www\/wp-json\/wp\/v2\/pages"}],"about":[{"href":"https:\/\/pruebasysimulacros.com\/www\/wp-json\/wp\/v2\/types\/page"}],"author":[{"embeddable":true,"href":"https:\/\/pruebasysimulacros.com\/www\/wp-json\/wp\/v2\/users\/1"}],"replies":[{"embeddable":true,"href":"https:\/\/pruebasysimulacros.com\/www\/wp-json\/wp\/v2\/comments?post=10"}],"version-history":[{"count":7,"href":"https:\/\/pruebasysimulacros.com\/www\/wp-json\/wp\/v2\/pages\/10\/revisions"}],"predecessor-version":[{"id":150,"href":"https:\/\/pruebasysimulacros.com\/www\/wp-json\/wp\/v2\/pages\/10\/revisions\/150"}],"up":[{"embeddable":true,"href":"https:\/\/pruebasysimulacros.com\/www\/wp-json\/wp\/v2\/pages\/9"}],"wp:attachment":[{"href":"https:\/\/pruebasysimulacros.com\/www\/wp-json\/wp\/v2\/media?parent=10"}],"curies":[{"name":"wp","href":"https:\/\/api.w.org\/{rel}","templated":true}]}}